{"id":9021,"date":"2025-03-11T16:01:33","date_gmt":"2025-03-11T19:01:33","guid":{"rendered":"https:\/\/involves.com\/?page_id=9021"},"modified":"2025-03-13T17:30:35","modified_gmt":"2025-03-13T20:30:35","slug":"termos-de-imagem","status":"publish","type":"page","link":"https:\/\/involves.com\/pt-br\/termos-de-imagem\/","title":{"rendered":"Termos de imagem"},"content":{"rendered":"\t\t<div data-elementor-type=\"wp-page\" data-elementor-id=\"9021\" class=\"elementor elementor-9021\" data-elementor-post-type=\"page\">\n\t\t\t\t<div class=\"elementor-element elementor-element-e3bf627 e-flex e-con-boxed e-con e-parent\" data-id=\"e3bf627\" data-element_type=\"container\" data-e-type=\"container\">\n\t\t\t\t\t<div class=\"e-con-inner\">\n\t\t\t\t<div class=\"elementor-element elementor-element-bd752af elementor-widget elementor-widget-heading\" data-id=\"bd752af\" data-element_type=\"widget\" data-e-type=\"widget\" data-widget_type=\"heading.default\">\n\t\t\t\t\t<h2 class=\"elementor-heading-title elementor-size-default\">Concord\u00e2ncia para o Uso de Imagem, Voz e Dados Pessoais<\/h2>\t\t\t\t<\/div>\n\t\t\t\t<div class=\"elementor-element elementor-element-2d4f189 elementor-widget elementor-widget-text-editor\" data-id=\"2d4f189\" data-element_type=\"widget\" data-e-type=\"widget\" data-widget_type=\"text-editor.default\">\n\t\t\t\t\t\t\t\t\t<p>\u00daltima Atualiza\u00e7\u00e3o: 11 de mar\u00e7o de 2025<\/p>\t\t\t\t\t\t\t\t<\/div>\n\t\t\t\t\t<\/div>\n\t\t\t\t<\/div>\n\t\t\t\t<section class=\"elementor-section elementor-top-section elementor-element elementor-element-e573fe6 elementor-section-boxed elementor-section-height-default elementor-section-height-default\" data-id=\"e573fe6\" data-element_type=\"section\" data-e-type=\"section\" data-settings=\"{&quot;background_background&quot;:&quot;classic&quot;}\">\n\t\t\t\t\t\t<div class=\"elementor-container elementor-column-gap-default\">\n\t\t\t\t\t<div class=\"elementor-column elementor-col-100 elementor-top-column elementor-element elementor-element-c4b6790\" data-id=\"c4b6790\" data-element_type=\"column\" data-e-type=\"column\" data-settings=\"{&quot;background_background&quot;:&quot;classic&quot;}\">\n\t\t\t<div class=\"elementor-widget-wrap elementor-element-populated\">\n\t\t\t\t\t\t<div class=\"elementor-element elementor-element-b831569 elementor-widget elementor-widget-text-editor\" data-id=\"b831569\" data-element_type=\"widget\" data-e-type=\"widget\" data-widget_type=\"text-editor.default\">\n\t\t\t\t\t\t\t\t\t<p><b>Concord\u00e2ncia para o Uso de Imagem, Voz e Dados Pessoais<\/b><\/p><p><span style=\"font-weight: 400;\">O AUTORIZANTE manifesta sua concord\u00e2ncia expressa e volunt\u00e1ria para que sua imagem, voz e nome sejam utilizados em todo e qualquer material, incluindo fotografias, documentos, meios de comunica\u00e7\u00e3o e servi\u00e7os que tenham como finalidade realizar e promover a\u00e7\u00f5es que transcendam o uso institucional e possam gerar investimentos e opera\u00e7\u00f5es complexas para a AUTORIZADA, com o objetivo de promover seus servi\u00e7os, desde que esses usos sejam destinados \u00e0 divulga\u00e7\u00e3o ao p\u00fablico em geral e n\u00e3o se desvirtuem de sua finalidade original.<\/span><\/p><p><span style=\"font-weight: 400;\">A AUTORIZADA poder\u00e1 utilizar a imagem e a voz do AUTORIZANTE de forma gratuita, servindo este contrato como autoriza\u00e7\u00e3o para todos os fins legais. Esse uso poder\u00e1 ocorrer em todo o territ\u00f3rio nacional e no exterior, por qualquer forma e meio, incluindo, mas n\u00e3o se limitando a:<\/span><\/p><p><span style=\"font-weight: 400;\">(I) Publicidade externa (outdoor);<\/span><span style=\"font-weight: 400;\"><br \/><\/span><span style=\"font-weight: 400;\">(II) Folhetos e materiais impressos (encartes, cat\u00e1logos, etc.);<\/span><span style=\"font-weight: 400;\"><br \/><\/span><span style=\"font-weight: 400;\">(III) An\u00fancios em revistas e jornais;<\/span><span style=\"font-weight: 400;\"><br \/><\/span><span style=\"font-weight: 400;\">(IV) Sites e p\u00e1ginas de destino (landing pages);<\/span><span style=\"font-weight: 400;\"><br \/><\/span><span style=\"font-weight: 400;\">(V) Cartazes e backlights;<\/span><span style=\"font-weight: 400;\"><br \/><\/span><span style=\"font-weight: 400;\">(VI) Meios eletr\u00f4nicos (redes sociais, v\u00eddeos, televis\u00e3o, cinema, r\u00e1dio, etc.), por prazo indeterminado.<\/span><\/p><p><span style=\"font-weight: 400;\">Exemplos de a\u00e7\u00f5es espec\u00edficas para o uso autorizado incluem, mas n\u00e3o se limitam a:<\/span><\/p><p><span style=\"font-weight: 400;\">(I) Campanhas publicit\u00e1rias;<\/span><span style=\"font-weight: 400;\"><br \/><\/span><span style=\"font-weight: 400;\">(II) Podcasts;<\/span><span style=\"font-weight: 400;\"><br \/><\/span><span style=\"font-weight: 400;\">(III) Materiais de treinamento;<\/span><span style=\"font-weight: 400;\"><br \/><\/span><span style=\"font-weight: 400;\">(IV) Cursos e v\u00eddeos explicativos;<\/span><span style=\"font-weight: 400;\"><br \/><\/span><span style=\"font-weight: 400;\">(V) Depoimentos;<\/span><span style=\"font-weight: 400;\"><br \/><\/span><span style=\"font-weight: 400;\">(VI) Outras atividades que promovam explicitamente os servi\u00e7os da AUTORIZADA.<\/span><\/p>\t\t\t\t\t\t\t\t<\/div>\n\t\t\t\t\t<\/div>\n\t\t<\/div>\n\t\t\t\t\t<\/div>\n\t\t<\/section>\n\t\t\t\t<\/div>\n\t\t","protected":false},"excerpt":{"rendered":"<p>Concord\u00e2ncia para o Uso de Imagem, Voz e Dados Pessoais \u00daltima Atualiza\u00e7\u00e3o: 11 de mar\u00e7o de 2025 Concord\u00e2ncia para o Uso de Imagem, Voz e Dados Pessoais O AUTORIZANTE manifesta sua concord\u00e2ncia expressa e volunt\u00e1ria para que sua imagem, voz e nome sejam utilizados em todo e qualquer material, incluindo fotografias, documentos, meios de comunica\u00e7\u00e3o [&hellip;]<\/p>\n","protected":false},"author":2,"featured_media":0,"parent":0,"menu_order":0,"comment_status":"closed","ping_status":"closed","template":"elementor_header_footer","meta":{"_acf_changed":false,"content-type":"","footnotes":""},"class_list":["post-9021","page","type-page","status-publish","hentry"],"acf":[],"yoast_head":"<!-- This site is optimized with the Yoast SEO plugin v27.3 - https:\/\/yoast.com\/product\/yoast-seo-wordpress\/ -->\n<title>Involves | Termos de imagem<\/title>\n<meta name=\"description\" content=\"Consulte a Pol\u00edtica de Privacidade da Involves para entender como tratamos seus dados pessoais.\" \/>\n<meta name=\"robots\" content=\"index, follow, max-snippet:-1, max-image-preview:large, max-video-preview:-1\" \/>\n<link rel=\"canonical\" href=\"https:\/\/involves.com\/pt-br\/termos-de-imagem\/\" \/>\n<meta property=\"og:locale\" content=\"pt_BR\" \/>\n<meta property=\"og:type\" content=\"article\" \/>\n<meta property=\"og:title\" content=\"Involves | Termos de imagem\" \/>\n<meta property=\"og:description\" content=\"Consulte a Pol\u00edtica de Privacidade da Involves para entender como tratamos seus dados pessoais.\" \/>\n<meta property=\"og:url\" content=\"https:\/\/involves.com\/pt-br\/termos-de-imagem\/\" \/>\n<meta property=\"og:site_name\" content=\"Involves\" \/>\n<meta property=\"article:modified_time\" content=\"2025-03-13T20:30:35+00:00\" \/>\n<meta property=\"og:image\" content=\"https:\/\/involves.com\/wp-content\/uploads\/2024\/09\/Involves-Politica-de-Privacidade-PT.png\" \/>\n\t<meta property=\"og:image:width\" content=\"1200\" \/>\n\t<meta property=\"og:image:height\" content=\"600\" \/>\n\t<meta property=\"og:image:type\" content=\"image\/png\" \/>\n<meta name=\"twitter:card\" content=\"summary_large_image\" \/>\n<meta name=\"twitter:label1\" content=\"Est. tempo de leitura\" \/>\n\t<meta name=\"twitter:data1\" content=\"2 minutos\" \/>\n<script type=\"application\/ld+json\" class=\"yoast-schema-graph\">{\"@context\":\"https:\\\/\\\/schema.org\",\"@graph\":[{\"@type\":\"WebPage\",\"@id\":\"https:\\\/\\\/involves.com\\\/pt-br\\\/termos-de-imagem\\\/\",\"url\":\"https:\\\/\\\/involves.com\\\/pt-br\\\/termos-de-imagem\\\/\",\"name\":\"Involves | Termos de imagem\",\"isPartOf\":{\"@id\":\"https:\\\/\\\/involves.com\\\/pt-br\\\/#website\"},\"datePublished\":\"2025-03-11T19:01:33+00:00\",\"dateModified\":\"2025-03-13T20:30:35+00:00\",\"description\":\"Consulte a Pol\u00edtica de Privacidade da Involves para entender como tratamos seus dados pessoais.\",\"breadcrumb\":{\"@id\":\"https:\\\/\\\/involves.com\\\/pt-br\\\/termos-de-imagem\\\/#breadcrumb\"},\"inLanguage\":\"pt-BR\",\"potentialAction\":[{\"@type\":\"ReadAction\",\"target\":[\"https:\\\/\\\/involves.com\\\/pt-br\\\/termos-de-imagem\\\/\"]}]},{\"@type\":\"BreadcrumbList\",\"@id\":\"https:\\\/\\\/involves.com\\\/pt-br\\\/termos-de-imagem\\\/#breadcrumb\",\"itemListElement\":[{\"@type\":\"ListItem\",\"position\":1,\"name\":\"In\u00edcio\",\"item\":\"https:\\\/\\\/involves.com\\\/pt-br\\\/\"},{\"@type\":\"ListItem\",\"position\":2,\"name\":\"Termos de imagem\"}]},{\"@type\":\"WebSite\",\"@id\":\"https:\\\/\\\/involves.com\\\/pt-br\\\/#website\",\"url\":\"https:\\\/\\\/involves.com\\\/pt-br\\\/\",\"name\":\"Involves\",\"description\":\"Involves: com nosso software de Trade voc\u00ea acerta o tom da execu\u00e7\u00e3o, aumenta a batida do sell-out e afina a produtividade da sua equipe\",\"publisher\":{\"@id\":\"https:\\\/\\\/involves.com\\\/pt-br\\\/#organization\"},\"potentialAction\":[{\"@type\":\"SearchAction\",\"target\":{\"@type\":\"EntryPoint\",\"urlTemplate\":\"https:\\\/\\\/involves.com\\\/pt-br\\\/?s={search_term_string}\"},\"query-input\":{\"@type\":\"PropertyValueSpecification\",\"valueRequired\":true,\"valueName\":\"search_term_string\"}}],\"inLanguage\":\"pt-BR\"},{\"@type\":\"Organization\",\"@id\":\"https:\\\/\\\/involves.com\\\/pt-br\\\/#organization\",\"name\":\"Involves\",\"url\":\"https:\\\/\\\/involves.com\\\/pt-br\\\/\",\"logo\":{\"@type\":\"ImageObject\",\"inLanguage\":\"pt-BR\",\"@id\":\"https:\\\/\\\/involves.com\\\/pt-br\\\/#\\\/schema\\\/logo\\\/image\\\/\",\"url\":\"https:\\\/\\\/involves.com\\\/wp-content\\\/uploads\\\/2024\\\/12\\\/involves-logo-preto.webp\",\"contentUrl\":\"https:\\\/\\\/involves.com\\\/wp-content\\\/uploads\\\/2024\\\/12\\\/involves-logo-preto.webp\",\"width\":532,\"height\":112,\"caption\":\"Involves\"},\"image\":{\"@id\":\"https:\\\/\\\/involves.com\\\/pt-br\\\/#\\\/schema\\\/logo\\\/image\\\/\"}}]}<\/script>\n<!-- \/ Yoast SEO plugin. -->","yoast_head_json":{"title":"Involves | Termos de imagem","description":"Consulte a Pol\u00edtica de Privacidade da Involves para entender como tratamos seus dados pessoais.","robots":{"index":"index","follow":"follow","max-snippet":"max-snippet:-1","max-image-preview":"max-image-preview:large","max-video-preview":"max-video-preview:-1"},"canonical":"https:\/\/involves.com\/pt-br\/termos-de-imagem\/","og_locale":"pt_BR","og_type":"article","og_title":"Involves | Termos de imagem","og_description":"Consulte a Pol\u00edtica de Privacidade da Involves para entender como tratamos seus dados pessoais.","og_url":"https:\/\/involves.com\/pt-br\/termos-de-imagem\/","og_site_name":"Involves","article_modified_time":"2025-03-13T20:30:35+00:00","og_image":[{"width":1200,"height":600,"url":"https:\/\/involves.com\/wp-content\/uploads\/2024\/09\/Involves-Politica-de-Privacidade-PT.png","type":"image\/png"}],"twitter_card":"summary_large_image","twitter_misc":{"Est. tempo de leitura":"2 minutos"},"schema":{"@context":"https:\/\/schema.org","@graph":[{"@type":"WebPage","@id":"https:\/\/involves.com\/pt-br\/termos-de-imagem\/","url":"https:\/\/involves.com\/pt-br\/termos-de-imagem\/","name":"Involves | Termos de imagem","isPartOf":{"@id":"https:\/\/involves.com\/pt-br\/#website"},"datePublished":"2025-03-11T19:01:33+00:00","dateModified":"2025-03-13T20:30:35+00:00","description":"Consulte a Pol\u00edtica de Privacidade da Involves para entender como tratamos seus dados pessoais.","breadcrumb":{"@id":"https:\/\/involves.com\/pt-br\/termos-de-imagem\/#breadcrumb"},"inLanguage":"pt-BR","potentialAction":[{"@type":"ReadAction","target":["https:\/\/involves.com\/pt-br\/termos-de-imagem\/"]}]},{"@type":"BreadcrumbList","@id":"https:\/\/involves.com\/pt-br\/termos-de-imagem\/#breadcrumb","itemListElement":[{"@type":"ListItem","position":1,"name":"In\u00edcio","item":"https:\/\/involves.com\/pt-br\/"},{"@type":"ListItem","position":2,"name":"Termos de imagem"}]},{"@type":"WebSite","@id":"https:\/\/involves.com\/pt-br\/#website","url":"https:\/\/involves.com\/pt-br\/","name":"Involves","description":"Involves: com nosso software de Trade voc\u00ea acerta o tom da execu\u00e7\u00e3o, aumenta a batida do sell-out e afina a produtividade da sua equipe","publisher":{"@id":"https:\/\/involves.com\/pt-br\/#organization"},"potentialAction":[{"@type":"SearchAction","target":{"@type":"EntryPoint","urlTemplate":"https:\/\/involves.com\/pt-br\/?s={search_term_string}"},"query-input":{"@type":"PropertyValueSpecification","valueRequired":true,"valueName":"search_term_string"}}],"inLanguage":"pt-BR"},{"@type":"Organization","@id":"https:\/\/involves.com\/pt-br\/#organization","name":"Involves","url":"https:\/\/involves.com\/pt-br\/","logo":{"@type":"ImageObject","inLanguage":"pt-BR","@id":"https:\/\/involves.com\/pt-br\/#\/schema\/logo\/image\/","url":"https:\/\/involves.com\/wp-content\/uploads\/2024\/12\/involves-logo-preto.webp","contentUrl":"https:\/\/involves.com\/wp-content\/uploads\/2024\/12\/involves-logo-preto.webp","width":532,"height":112,"caption":"Involves"},"image":{"@id":"https:\/\/involves.com\/pt-br\/#\/schema\/logo\/image\/"}}]}},"_links":{"self":[{"href":"https:\/\/involves.com\/pt-br\/wp-json\/wp\/v2\/pages\/9021","targetHints":{"allow":["GET"]}}],"collection":[{"href":"https:\/\/involves.com\/pt-br\/wp-json\/wp\/v2\/pages"}],"about":[{"href":"https:\/\/involves.com\/pt-br\/wp-json\/wp\/v2\/types\/page"}],"author":[{"embeddable":true,"href":"https:\/\/involves.com\/pt-br\/wp-json\/wp\/v2\/users\/2"}],"replies":[{"embeddable":true,"href":"https:\/\/involves.com\/pt-br\/wp-json\/wp\/v2\/comments?post=9021"}],"version-history":[{"count":14,"href":"https:\/\/involves.com\/pt-br\/wp-json\/wp\/v2\/pages\/9021\/revisions"}],"predecessor-version":[{"id":9080,"href":"https:\/\/involves.com\/pt-br\/wp-json\/wp\/v2\/pages\/9021\/revisions\/9080"}],"wp:attachment":[{"href":"https:\/\/involves.com\/pt-br\/wp-json\/wp\/v2\/media?parent=9021"}],"curies":[{"name":"wp","href":"https:\/\/api.w.org\/{rel}","templated":true}]}}