{"id":12476,"date":"2025-10-06T10:00:45","date_gmt":"2025-10-06T13:00:45","guid":{"rendered":"https:\/\/involves.com\/?page_id=12476"},"modified":"2025-10-24T13:27:10","modified_gmt":"2025-10-24T16:27:10","slug":"typ-reconhecimento-por-imagem","status":"publish","type":"page","link":"https:\/\/involves.com\/pt-br\/typ-reconhecimento-por-imagem\/","title":{"rendered":"TYP &#8211; Reconhecimento por Imagem"},"content":{"rendered":"\t\t<div data-elementor-type=\"wp-page\" data-elementor-id=\"12476\" class=\"elementor elementor-12476\" data-elementor-post-type=\"page\">\n\t\t\t\t<div class=\"elementor-element elementor-element-2196275 e-flex e-con-boxed e-con e-parent\" data-id=\"2196275\" data-element_type=\"container\" data-e-type=\"container\" data-settings=\"{&quot;background_background&quot;:&quot;classic&quot;}\">\n\t\t\t\t\t<div class=\"e-con-inner\">\n\t\t\t\t<div class=\"elementor-element elementor-element-877fa01 elementor-widget elementor-widget-image\" data-id=\"877fa01\" data-element_type=\"widget\" data-e-type=\"widget\" data-widget_type=\"image.default\">\n\t\t\t\t\t\t\t\t\t\t\t\t\t\t\t<img decoding=\"async\" width=\"384\" height=\"90\" src=\"https:\/\/involves.com\/wp-content\/uploads\/2025\/10\/logo-topo-involves-stage.svg\" class=\"attachment-large size-large wp-image-12454\" alt=\"\" \/>\t\t\t\t\t\t\t\t\t\t\t\t\t\t\t<\/div>\n\t\t<div class=\"elementor-element elementor-element-8f27e12 e-con-full e-flex e-con e-child\" data-id=\"8f27e12\" data-element_type=\"container\" data-e-type=\"container\">\n\t\t\t\t<div class=\"elementor-element elementor-element-721619d elementor-widget elementor-widget-image\" data-id=\"721619d\" data-element_type=\"widget\" data-e-type=\"widget\" data-widget_type=\"image.default\">\n\t\t\t\t\t\t\t\t\t\t\t\t\t\t\t<img decoding=\"async\" width=\"41\" height=\"39\" src=\"https:\/\/involves.com\/wp-content\/uploads\/2025\/10\/Check.webp\" class=\"attachment-large size-large wp-image-12451\" alt=\"\" \/>\t\t\t\t\t\t\t\t\t\t\t\t\t\t\t<\/div>\n\t\t\t\t<div class=\"elementor-element elementor-element-c4ed605 elementor-widget elementor-widget-heading\" data-id=\"c4ed605\" data-element_type=\"widget\" data-e-type=\"widget\" data-widget_type=\"heading.default\">\n\t\t\t\t\t<h1 class=\"elementor-heading-title elementor-size-default\">Sucesso!<\/h1>\t\t\t\t<\/div>\n\t\t\t\t<div class=\"elementor-element elementor-element-3a9a0ef elementor-widget__width-initial elementor-widget-mobile__width-inherit elementor-widget elementor-widget-text-editor\" data-id=\"3a9a0ef\" data-element_type=\"widget\" data-e-type=\"widget\" data-widget_type=\"text-editor.default\">\n\t\t\t\t\t\t\t\t\t<p>Agora \u00e9 s\u00f3 aguardar o contato de um dos nossos consultores no n\u00famero de telefone que voc\u00ea nos forneceu. A conversa vai te surpreender, temos certeza!<\/p>\t\t\t\t\t\t\t\t<\/div>\n\t\t\t\t<\/div>\n\t\t\t\t<div class=\"elementor-element elementor-element-b6f0f13 elementor-absolute elementor-widget elementor-widget-image\" data-id=\"b6f0f13\" data-element_type=\"widget\" data-e-type=\"widget\" data-settings=\"{&quot;_position&quot;:&quot;absolute&quot;}\" data-widget_type=\"image.default\">\n\t\t\t\t\t\t\t\t\t\t\t\t\t\t\t<img fetchpriority=\"high\" decoding=\"async\" width=\"304\" height=\"389\" src=\"https:\/\/involves.com\/wp-content\/uploads\/2025\/10\/inv-stage-ghost.svg\" class=\"attachment-large size-large wp-image-12457\" alt=\"\" \/>\t\t\t\t\t\t\t\t\t\t\t\t\t\t\t<\/div>\n\t\t\t\t\t<\/div>\n\t\t\t\t<\/div>\n\t\t<div class=\"elementor-element elementor-element-7398ae5 e-flex e-con-boxed e-con e-parent\" data-id=\"7398ae5\" data-element_type=\"container\" data-e-type=\"container\">\n\t\t\t\t\t<div class=\"e-con-inner\">\n\t\t\t\t<div class=\"elementor-element elementor-element-8f1ac5f elementor-widget__width-initial elementor-widget-mobile__width-inherit elementor-widget elementor-widget-heading\" data-id=\"8f1ac5f\" data-element_type=\"widget\" data-e-type=\"widget\" data-widget_type=\"heading.default\">\n\t\t\t\t\t<h2 class=\"elementor-heading-title elementor-size-default\">Enquanto isso, se tiver curiosidade, veja os resultados de alguns clientes:<\/h2>\t\t\t\t<\/div>\n\t\t<div class=\"elementor-element elementor-element-200297c e-con-full e-flex e-con e-child\" data-id=\"200297c\" data-element_type=\"container\" data-e-type=\"container\">\n\t\t\t\t<div class=\"elementor-element elementor-element-e3199c3 elementor-grid-3 elementor-grid-tablet-2 elementor-grid-mobile-1 elementor-widget elementor-widget-loop-grid\" data-id=\"e3199c3\" data-element_type=\"widget\" data-e-type=\"widget\" data-settings=\"{&quot;template_id&quot;:742,&quot;columns&quot;:3,&quot;row_gap&quot;:{&quot;unit&quot;:&quot;px&quot;,&quot;size&quot;:50,&quot;sizes&quot;:[]},&quot;row_gap_tablet&quot;:{&quot;unit&quot;:&quot;px&quot;,&quot;size&quot;:20,&quot;sizes&quot;:[]},&quot;_skin&quot;:&quot;post&quot;,&quot;columns_tablet&quot;:&quot;2&quot;,&quot;columns_mobile&quot;:&quot;1&quot;,&quot;edit_handle_selector&quot;:&quot;[data-elementor-type=\\&quot;loop-item\\&quot;]&quot;,&quot;row_gap_mobile&quot;:{&quot;unit&quot;:&quot;px&quot;,&quot;size&quot;:&quot;&quot;,&quot;sizes&quot;:[]}}\" data-widget_type=\"loop-grid.post\">\n\t\t\t\t<div class=\"elementor-widget-container\">\n\t\t\t\t\t\t\t<div class=\"elementor-loop-container elementor-grid\" role=\"list\">\n\t\t<style id=\"loop-742\">.elementor-742 .elementor-element.elementor-element-c363db3{--display:flex;--flex-direction:column;--container-widget-width:calc( ( 1 - var( --container-widget-flex-grow ) ) * 100% );--container-widget-height:initial;--container-widget-flex-grow:0;--container-widget-align-self:initial;--flex-wrap-mobile:wrap;--justify-content:flex-start;--align-items:flex-start;--gap:20px 0px;--row-gap:20px;--column-gap:0px;--margin-top:0px;--margin-bottom:0px;--margin-left:0px;--margin-right:0px;--padding-top:0px;--padding-bottom:0px;--padding-left:0px;--padding-right:0px;}.elementor-742 .elementor-element.elementor-element-c363db3:not(.elementor-motion-effects-element-type-background), .elementor-742 .elementor-element.elementor-element-c363db3 > .elementor-motion-effects-container > .elementor-motion-effects-layer{background-color:var( --e-global-color-4f42441 );}.elementor-742 .elementor-element.elementor-element-c363db3.e-con{--flex-grow:0;--flex-shrink:0;}.elementor-widget-theme-post-featured-image .widget-image-caption{color:var( --e-global-color-text );font-family:var( --e-global-typography-text-font-family ), Sans-serif;font-size:var( --e-global-typography-text-font-size );font-weight:var( --e-global-typography-text-font-weight );line-height:var( --e-global-typography-text-line-height );}.elementor-742 .elementor-element.elementor-element-2ddfbf8{text-align:start;margin:0px 0px calc(var(--kit-widget-spacing, 0px) + 0px) 0px;padding:20px 0px 0px 0px;}.elementor-742 .elementor-element.elementor-element-2ddfbf8 img{width:390px;}.elementor-widget-theme-post-excerpt{font-family:var( --e-global-typography-text-font-family ), Sans-serif;font-size:var( --e-global-typography-text-font-size );font-weight:var( --e-global-typography-text-font-weight );line-height:var( --e-global-typography-text-line-height );color:var( --e-global-color-text );}.elementor-742 .elementor-element.elementor-element-9bf654c{font-family:\"Open Sans\", Sans-serif;font-size:16px;font-weight:700;line-height:26px;color:var( --e-global-color-secondary );margin:0px 0px calc(var(--kit-widget-spacing, 0px) + 0px) 0px;padding:0px 30px 0px 40px;}.elementor-widget-button .elementor-button{font-family:var( --e-global-typography-accent-font-family ), Sans-serif;font-size:var( --e-global-typography-accent-font-size );font-weight:var( --e-global-typography-accent-font-weight );line-height:var( --e-global-typography-accent-line-height );}.elementor-742 .elementor-element.elementor-element-adb4886 .elementor-button{background-color:var( --e-global-color-9d26fe8 );}.elementor-742 .elementor-element.elementor-element-adb4886{margin:0px 0px calc(var(--kit-widget-spacing, 0px) + 0px) 0px;padding:0px 40px 30px 40px;}@media(max-width:1024px){.elementor-widget-theme-post-featured-image .widget-image-caption{font-size:var( --e-global-typography-text-font-size );line-height:var( --e-global-typography-text-line-height );}.elementor-widget-theme-post-excerpt{font-size:var( --e-global-typography-text-font-size );line-height:var( --e-global-typography-text-line-height );}.elementor-widget-button .elementor-button{font-size:var( --e-global-typography-accent-font-size );line-height:var( --e-global-typography-accent-line-height );}}@media(min-width:768px){.elementor-742 .elementor-element.elementor-element-c363db3{--width:340px;}}@media(max-width:1024px) and (min-width:768px){.elementor-742 .elementor-element.elementor-element-c363db3{--width:340px;}}@media(max-width:767px){.elementor-742 .elementor-element.elementor-element-c363db3{--width:300px;}.elementor-widget-theme-post-featured-image .widget-image-caption{font-size:var( --e-global-typography-text-font-size );line-height:var( --e-global-typography-text-line-height );}.elementor-widget-theme-post-excerpt{font-size:var( --e-global-typography-text-font-size );line-height:var( --e-global-typography-text-line-height );}.elementor-742 .elementor-element.elementor-element-9bf654c{padding:0px 20px 0px 20px;}.elementor-widget-button .elementor-button{font-size:var( --e-global-typography-accent-font-size );line-height:var( --e-global-typography-accent-line-height );}.elementor-742 .elementor-element.elementor-element-adb4886{padding:0px 20px 20px 20px;}}\/* Start custom CSS for container, class: .elementor-element-c363db3 *\/.elementor-742 .elementor-element.elementor-element-c363db3 {\n    border-radius: 16px;\n    box-shadow: 0px 14px 64px -4px rgba(76, 62, 100, 0.06), 0px 8px 22px -6px rgba(76, 62, 100, 0.06);\n}\/* End custom CSS *\/<\/style>\t\t<div data-elementor-type=\"loop-item\" data-elementor-id=\"742\" class=\"elementor elementor-742 e-loop-item e-loop-item-14709 post-14709 post type-post status-publish format-standard has-post-thumbnail hentry category-cases-industria-pt\" data-elementor-post-type=\"elementor_library\" data-custom-edit-handle=\"1\">\n\t\t\t<div class=\"elementor-element elementor-element-c363db3 e-con-full e-flex e-con e-parent\" data-id=\"c363db3\" data-element_type=\"container\" data-e-type=\"container\" data-settings=\"{&quot;background_background&quot;:&quot;classic&quot;}\">\n\t\t\t\t<div class=\"elementor-element elementor-element-2ddfbf8 elementor-widget elementor-widget-theme-post-featured-image elementor-widget-image\" data-id=\"2ddfbf8\" data-element_type=\"widget\" data-e-type=\"widget\" data-widget_type=\"theme-post-featured-image.default\">\n\t\t\t\t\t\t\t\t\t\t\t\t\t\t\t<img loading=\"lazy\" decoding=\"async\" width=\"583\" height=\"360\" src=\"https:\/\/involves.com\/wp-content\/uploads\/2026\/04\/202604_CAPA_CASE-Bem-Brasil.png\" class=\"attachment-large size-large wp-image-14710\" alt=\"\" \/>\t\t\t\t\t\t\t\t\t\t\t\t\t\t\t<\/div>\n\t\t\t\t<div class=\"elementor-element elementor-element-9bf654c elementor-widget elementor-widget-theme-post-excerpt\" data-id=\"9bf654c\" data-element_type=\"widget\" data-e-type=\"widget\" data-widget_type=\"theme-post-excerpt.default\">\n\t\t\t\t\tSaiba como a Bem Brasil aumentou a efici\u00eancia da equipe de campo e elevou a execu\u00e7\u00e3o no ponto de venda em todo o Brasil.\t\t\t\t<\/div>\n\t\t\t\t<div class=\"elementor-element elementor-element-adb4886 elementor-widget elementor-widget-button\" data-id=\"adb4886\" data-element_type=\"widget\" data-e-type=\"widget\" data-widget_type=\"button.default\">\n\t\t\t\t\t\t\t\t\t\t<a class=\"elementor-button bt_cta elementor-button-link elementor-size-sm\" href=\"https:\/\/content.involves.com\/pt\/case-bem-brasil\" target=\"_blank\">\n\t\t\t\t\t\t<span class=\"elementor-button-content-wrapper\">\n\t\t\t\t\t\t\t\t\t<span class=\"elementor-button-text\">Leia mais<\/span>\n\t\t\t\t\t<\/span>\n\t\t\t\t\t<\/a>\n\t\t\t\t\t\t\t\t<\/div>\n\t\t\t\t<\/div>\n\t\t\t\t<\/div>\n\t\t\t\t<div data-elementor-type=\"loop-item\" data-elementor-id=\"742\" class=\"elementor elementor-742 e-loop-item e-loop-item-13475 post-13475 post type-post status-publish format-standard has-post-thumbnail hentry category-cases-industria-pt\" data-elementor-post-type=\"elementor_library\" data-custom-edit-handle=\"1\">\n\t\t\t<div class=\"elementor-element elementor-element-c363db3 e-con-full e-flex e-con e-parent\" data-id=\"c363db3\" data-element_type=\"container\" data-e-type=\"container\" data-settings=\"{&quot;background_background&quot;:&quot;classic&quot;}\">\n\t\t\t\t<div class=\"elementor-element elementor-element-2ddfbf8 elementor-widget elementor-widget-theme-post-featured-image elementor-widget-image\" data-id=\"2ddfbf8\" data-element_type=\"widget\" data-e-type=\"widget\" data-widget_type=\"theme-post-featured-image.default\">\n\t\t\t\t\t\t\t\t\t\t\t\t\t\t\t<img loading=\"lazy\" decoding=\"async\" width=\"583\" height=\"360\" src=\"https:\/\/involves.com\/wp-content\/uploads\/2025\/12\/202506_CAPA-CASE-AkzoNobel.png\" class=\"attachment-large size-large wp-image-13476\" alt=\"CAPA CASE - AkzoNobel\" \/>\t\t\t\t\t\t\t\t\t\t\t\t\t\t\t<\/div>\n\t\t\t\t<div class=\"elementor-element elementor-element-9bf654c elementor-widget elementor-widget-theme-post-excerpt\" data-id=\"9bf654c\" data-element_type=\"widget\" data-e-type=\"widget\" data-widget_type=\"theme-post-excerpt.default\">\n\t\t\t\t\tDescubra como a AkzoNobel em parceria com a POP Trade Marketing reduziu o tempo de coleta de dados e impulsionou indicadores-chave de share e vendas.\t\t\t\t<\/div>\n\t\t\t\t<div class=\"elementor-element elementor-element-adb4886 elementor-widget elementor-widget-button\" data-id=\"adb4886\" data-element_type=\"widget\" data-e-type=\"widget\" data-widget_type=\"button.default\">\n\t\t\t\t\t\t\t\t\t\t<a class=\"elementor-button bt_cta elementor-button-link elementor-size-sm\" href=\"https:\/\/content.involves.com\/pt-br\/akzonobel-pop-trade?utm_source=site&#038;utm_medium=referral&#038;utm_campaign=br-pt-involves-site_referral-case-pagina_industrias&#038;utm_content=akzonobel\" target=\"_blank\">\n\t\t\t\t\t\t<span class=\"elementor-button-content-wrapper\">\n\t\t\t\t\t\t\t\t\t<span class=\"elementor-button-text\">Leia mais<\/span>\n\t\t\t\t\t<\/span>\n\t\t\t\t\t<\/a>\n\t\t\t\t\t\t\t\t<\/div>\n\t\t\t\t<\/div>\n\t\t\t\t<\/div>\n\t\t\t\t<div data-elementor-type=\"loop-item\" data-elementor-id=\"742\" class=\"elementor elementor-742 e-loop-item e-loop-item-12596 post-12596 post type-post status-publish format-standard has-post-thumbnail hentry category-cases-industria-pt\" data-elementor-post-type=\"elementor_library\" data-custom-edit-handle=\"1\">\n\t\t\t<div class=\"elementor-element elementor-element-c363db3 e-con-full e-flex e-con e-parent\" data-id=\"c363db3\" data-element_type=\"container\" data-e-type=\"container\" data-settings=\"{&quot;background_background&quot;:&quot;classic&quot;}\">\n\t\t\t\t<div class=\"elementor-element elementor-element-2ddfbf8 elementor-widget elementor-widget-theme-post-featured-image elementor-widget-image\" data-id=\"2ddfbf8\" data-element_type=\"widget\" data-e-type=\"widget\" data-widget_type=\"theme-post-featured-image.default\">\n\t\t\t\t\t\t\t\t\t\t\t\t\t\t\t<img loading=\"lazy\" decoding=\"async\" width=\"583\" height=\"360\" src=\"https:\/\/involves.com\/wp-content\/uploads\/2025\/10\/202507_CAPA_CASE-RedBull.png\" class=\"attachment-large size-large wp-image-12597\" alt=\"\" \/>\t\t\t\t\t\t\t\t\t\t\t\t\t\t\t<\/div>\n\t\t\t\t<div class=\"elementor-element elementor-element-9bf654c elementor-widget elementor-widget-theme-post-excerpt\" data-id=\"9bf654c\" data-element_type=\"widget\" data-e-type=\"widget\" data-widget_type=\"theme-post-excerpt.default\">\n\t\t\t\t\tEntenda como a Red Bull reduziu de 15 para 3 minutos o tempo de coleta de dados, liberando o promotor para realizar mais 2 visitas adicionais por dia.\t\t\t\t<\/div>\n\t\t\t\t<div class=\"elementor-element elementor-element-adb4886 elementor-widget elementor-widget-button\" data-id=\"adb4886\" data-element_type=\"widget\" data-e-type=\"widget\" data-widget_type=\"button.default\">\n\t\t\t\t\t\t\t\t\t\t<a class=\"elementor-button bt_cta elementor-button-link elementor-size-sm\" href=\"https:\/\/stage.involves.com\/pt\/case-redbull?utm_source=site&#038;utm_medium=&#038;utm_campaign=us-en-involves-site_-case-pagina_de_cases_site&#038;utm_content=redbull\" target=\"_blank\">\n\t\t\t\t\t\t<span class=\"elementor-button-content-wrapper\">\n\t\t\t\t\t\t\t\t\t<span class=\"elementor-button-text\">Leia mais<\/span>\n\t\t\t\t\t<\/span>\n\t\t\t\t\t<\/a>\n\t\t\t\t\t\t\t\t<\/div>\n\t\t\t\t<\/div>\n\t\t\t\t<\/div>\n\t\t\t\t<\/div>\n\t\t\n\t\t\t\t\t\t<\/div>\n\t\t\t\t<\/div>\n\t\t\t\t<\/div>\n\t\t\t\t\t<\/div>\n\t\t\t\t<\/div>\n\t\t<div class=\"elementor-element elementor-element-ce32b1d e-flex e-con-boxed e-con e-parent\" data-id=\"ce32b1d\" data-element_type=\"container\" data-e-type=\"container\" data-settings=\"{&quot;background_background&quot;:&quot;classic&quot;}\">\n\t\t\t\t\t<div class=\"e-con-inner\">\n\t\t\t\t<div class=\"elementor-element elementor-element-7213a80 elementor-widget elementor-widget-heading\" data-id=\"7213a80\" data-element_type=\"widget\" data-e-type=\"widget\" data-widget_type=\"heading.default\">\n\t\t\t\t\t<h2 class=\"elementor-heading-title elementor-size-default\">\u00a9 Involves 2025<\/h2>\t\t\t\t<\/div>\n\t\t\t\t\t<\/div>\n\t\t\t\t<\/div>\n\t\t\t\t<\/div>\n\t\t","protected":false},"excerpt":{"rendered":"<p>Sucesso! Agora \u00e9 s\u00f3 aguardar o contato de um dos nossos consultores no n\u00famero de telefone que voc\u00ea nos forneceu. A conversa vai te surpreender, temos certeza! Enquanto isso, se tiver curiosidade, veja os resultados de alguns clientes: \u00a9 Involves 2025<\/p>\n","protected":false},"author":11,"featured_media":0,"parent":0,"menu_order":0,"comment_status":"closed","ping_status":"closed","template":"elementor_canvas","meta":{"_acf_changed":false,"content-type":"","footnotes":""},"class_list":["post-12476","page","type-page","status-publish","hentry"],"acf":[],"yoast_head":"<!-- This site is optimized with the Yoast SEO plugin v27.4 - https:\/\/yoast.com\/product\/yoast-seo-wordpress\/ -->\n<title>TYP - Reconhecimento por Imagem - Involves<\/title>\n<meta name=\"robots\" content=\"index, follow, max-snippet:-1, max-image-preview:large, max-video-preview:-1\" \/>\n<link rel=\"canonical\" href=\"https:\/\/involves.com\/pt-br\/typ-reconhecimento-por-imagem\/\" \/>\n<meta property=\"og:locale\" content=\"pt_BR\" \/>\n<meta property=\"og:type\" content=\"article\" \/>\n<meta property=\"og:title\" content=\"TYP - Reconhecimento por Imagem - Involves\" \/>\n<meta property=\"og:description\" content=\"Sucesso! Agora \u00e9 s\u00f3 aguardar o contato de um dos nossos consultores no n\u00famero de telefone que voc\u00ea nos forneceu. A conversa vai te surpreender, temos certeza! Enquanto isso, se tiver curiosidade, veja os resultados de alguns clientes: \u00a9 Involves 2025\" \/>\n<meta property=\"og:url\" content=\"https:\/\/involves.com\/pt-br\/typ-reconhecimento-por-imagem\/\" \/>\n<meta property=\"og:site_name\" content=\"Involves\" \/>\n<meta property=\"article:modified_time\" content=\"2025-10-24T16:27:10+00:00\" \/>\n<meta property=\"og:image\" content=\"http:\/\/involves.com\/wp-content\/uploads\/2025\/10\/logo-topo-involves-stage.svg\" \/>\n<meta name=\"twitter:card\" content=\"summary_large_image\" \/>\n<meta name=\"twitter:label1\" content=\"Est. tempo de leitura\" \/>\n\t<meta name=\"twitter:data1\" content=\"1 minuto\" \/>\n<script type=\"application\/ld+json\" class=\"yoast-schema-graph\">{\"@context\":\"https:\\\/\\\/schema.org\",\"@graph\":[{\"@type\":\"WebPage\",\"@id\":\"https:\\\/\\\/involves.com\\\/pt-br\\\/typ-reconhecimento-por-imagem\\\/\",\"url\":\"https:\\\/\\\/involves.com\\\/pt-br\\\/typ-reconhecimento-por-imagem\\\/\",\"name\":\"TYP - Reconhecimento por Imagem - Involves\",\"isPartOf\":{\"@id\":\"https:\\\/\\\/involves.com\\\/pt-br\\\/#website\"},\"primaryImageOfPage\":{\"@id\":\"https:\\\/\\\/involves.com\\\/pt-br\\\/typ-reconhecimento-por-imagem\\\/#primaryimage\"},\"image\":{\"@id\":\"https:\\\/\\\/involves.com\\\/pt-br\\\/typ-reconhecimento-por-imagem\\\/#primaryimage\"},\"thumbnailUrl\":\"http:\\\/\\\/involves.com\\\/wp-content\\\/uploads\\\/2025\\\/10\\\/logo-topo-involves-stage.svg\",\"datePublished\":\"2025-10-06T13:00:45+00:00\",\"dateModified\":\"2025-10-24T16:27:10+00:00\",\"breadcrumb\":{\"@id\":\"https:\\\/\\\/involves.com\\\/pt-br\\\/typ-reconhecimento-por-imagem\\\/#breadcrumb\"},\"inLanguage\":\"pt-BR\",\"potentialAction\":[{\"@type\":\"ReadAction\",\"target\":[\"https:\\\/\\\/involves.com\\\/pt-br\\\/typ-reconhecimento-por-imagem\\\/\"]}]},{\"@type\":\"ImageObject\",\"inLanguage\":\"pt-BR\",\"@id\":\"https:\\\/\\\/involves.com\\\/pt-br\\\/typ-reconhecimento-por-imagem\\\/#primaryimage\",\"url\":\"http:\\\/\\\/involves.com\\\/wp-content\\\/uploads\\\/2025\\\/10\\\/logo-topo-involves-stage.svg\",\"contentUrl\":\"http:\\\/\\\/involves.com\\\/wp-content\\\/uploads\\\/2025\\\/10\\\/logo-topo-involves-stage.svg\"},{\"@type\":\"BreadcrumbList\",\"@id\":\"https:\\\/\\\/involves.com\\\/pt-br\\\/typ-reconhecimento-por-imagem\\\/#breadcrumb\",\"itemListElement\":[{\"@type\":\"ListItem\",\"position\":1,\"name\":\"In\u00edcio\",\"item\":\"https:\\\/\\\/involves.com\\\/pt-br\\\/\"},{\"@type\":\"ListItem\",\"position\":2,\"name\":\"TYP &#8211; Reconhecimento por Imagem\"}]},{\"@type\":\"WebSite\",\"@id\":\"https:\\\/\\\/involves.com\\\/pt-br\\\/#website\",\"url\":\"https:\\\/\\\/involves.com\\\/pt-br\\\/\",\"name\":\"Involves\",\"description\":\"Involves: com nosso software de Trade voc\u00ea acerta o tom da execu\u00e7\u00e3o, aumenta a batida do sell-out e afina a produtividade da sua equipe\",\"publisher\":{\"@id\":\"https:\\\/\\\/involves.com\\\/pt-br\\\/#organization\"},\"potentialAction\":[{\"@type\":\"SearchAction\",\"target\":{\"@type\":\"EntryPoint\",\"urlTemplate\":\"https:\\\/\\\/involves.com\\\/pt-br\\\/?s={search_term_string}\"},\"query-input\":{\"@type\":\"PropertyValueSpecification\",\"valueRequired\":true,\"valueName\":\"search_term_string\"}}],\"inLanguage\":\"pt-BR\"},{\"@type\":\"Organization\",\"@id\":\"https:\\\/\\\/involves.com\\\/pt-br\\\/#organization\",\"name\":\"Involves\",\"url\":\"https:\\\/\\\/involves.com\\\/pt-br\\\/\",\"logo\":{\"@type\":\"ImageObject\",\"inLanguage\":\"pt-BR\",\"@id\":\"https:\\\/\\\/involves.com\\\/pt-br\\\/#\\\/schema\\\/logo\\\/image\\\/\",\"url\":\"https:\\\/\\\/involves.com\\\/wp-content\\\/uploads\\\/2024\\\/12\\\/involves-logo-preto.webp\",\"contentUrl\":\"https:\\\/\\\/involves.com\\\/wp-content\\\/uploads\\\/2024\\\/12\\\/involves-logo-preto.webp\",\"width\":532,\"height\":112,\"caption\":\"Involves\"},\"image\":{\"@id\":\"https:\\\/\\\/involves.com\\\/pt-br\\\/#\\\/schema\\\/logo\\\/image\\\/\"}}]}<\/script>\n<!-- \/ Yoast SEO plugin. -->","yoast_head_json":{"title":"TYP - Reconhecimento por Imagem - Involves","robots":{"index":"index","follow":"follow","max-snippet":"max-snippet:-1","max-image-preview":"max-image-preview:large","max-video-preview":"max-video-preview:-1"},"canonical":"https:\/\/involves.com\/pt-br\/typ-reconhecimento-por-imagem\/","og_locale":"pt_BR","og_type":"article","og_title":"TYP - Reconhecimento por Imagem - Involves","og_description":"Sucesso! Agora \u00e9 s\u00f3 aguardar o contato de um dos nossos consultores no n\u00famero de telefone que voc\u00ea nos forneceu. A conversa vai te surpreender, temos certeza! Enquanto isso, se tiver curiosidade, veja os resultados de alguns clientes: \u00a9 Involves 2025","og_url":"https:\/\/involves.com\/pt-br\/typ-reconhecimento-por-imagem\/","og_site_name":"Involves","article_modified_time":"2025-10-24T16:27:10+00:00","og_image":[{"url":"http:\/\/involves.com\/wp-content\/uploads\/2025\/10\/logo-topo-involves-stage.svg","type":"","width":"","height":""}],"twitter_card":"summary_large_image","twitter_misc":{"Est. tempo de leitura":"1 minuto"},"schema":{"@context":"https:\/\/schema.org","@graph":[{"@type":"WebPage","@id":"https:\/\/involves.com\/pt-br\/typ-reconhecimento-por-imagem\/","url":"https:\/\/involves.com\/pt-br\/typ-reconhecimento-por-imagem\/","name":"TYP - Reconhecimento por Imagem - Involves","isPartOf":{"@id":"https:\/\/involves.com\/pt-br\/#website"},"primaryImageOfPage":{"@id":"https:\/\/involves.com\/pt-br\/typ-reconhecimento-por-imagem\/#primaryimage"},"image":{"@id":"https:\/\/involves.com\/pt-br\/typ-reconhecimento-por-imagem\/#primaryimage"},"thumbnailUrl":"http:\/\/involves.com\/wp-content\/uploads\/2025\/10\/logo-topo-involves-stage.svg","datePublished":"2025-10-06T13:00:45+00:00","dateModified":"2025-10-24T16:27:10+00:00","breadcrumb":{"@id":"https:\/\/involves.com\/pt-br\/typ-reconhecimento-por-imagem\/#breadcrumb"},"inLanguage":"pt-BR","potentialAction":[{"@type":"ReadAction","target":["https:\/\/involves.com\/pt-br\/typ-reconhecimento-por-imagem\/"]}]},{"@type":"ImageObject","inLanguage":"pt-BR","@id":"https:\/\/involves.com\/pt-br\/typ-reconhecimento-por-imagem\/#primaryimage","url":"http:\/\/involves.com\/wp-content\/uploads\/2025\/10\/logo-topo-involves-stage.svg","contentUrl":"http:\/\/involves.com\/wp-content\/uploads\/2025\/10\/logo-topo-involves-stage.svg"},{"@type":"BreadcrumbList","@id":"https:\/\/involves.com\/pt-br\/typ-reconhecimento-por-imagem\/#breadcrumb","itemListElement":[{"@type":"ListItem","position":1,"name":"In\u00edcio","item":"https:\/\/involves.com\/pt-br\/"},{"@type":"ListItem","position":2,"name":"TYP &#8211; Reconhecimento por Imagem"}]},{"@type":"WebSite","@id":"https:\/\/involves.com\/pt-br\/#website","url":"https:\/\/involves.com\/pt-br\/","name":"Involves","description":"Involves: com nosso software de Trade voc\u00ea acerta o tom da execu\u00e7\u00e3o, aumenta a batida do sell-out e afina a produtividade da sua equipe","publisher":{"@id":"https:\/\/involves.com\/pt-br\/#organization"},"potentialAction":[{"@type":"SearchAction","target":{"@type":"EntryPoint","urlTemplate":"https:\/\/involves.com\/pt-br\/?s={search_term_string}"},"query-input":{"@type":"PropertyValueSpecification","valueRequired":true,"valueName":"search_term_string"}}],"inLanguage":"pt-BR"},{"@type":"Organization","@id":"https:\/\/involves.com\/pt-br\/#organization","name":"Involves","url":"https:\/\/involves.com\/pt-br\/","logo":{"@type":"ImageObject","inLanguage":"pt-BR","@id":"https:\/\/involves.com\/pt-br\/#\/schema\/logo\/image\/","url":"https:\/\/involves.com\/wp-content\/uploads\/2024\/12\/involves-logo-preto.webp","contentUrl":"https:\/\/involves.com\/wp-content\/uploads\/2024\/12\/involves-logo-preto.webp","width":532,"height":112,"caption":"Involves"},"image":{"@id":"https:\/\/involves.com\/pt-br\/#\/schema\/logo\/image\/"}}]}},"_links":{"self":[{"href":"https:\/\/involves.com\/pt-br\/wp-json\/wp\/v2\/pages\/12476","targetHints":{"allow":["GET"]}}],"collection":[{"href":"https:\/\/involves.com\/pt-br\/wp-json\/wp\/v2\/pages"}],"about":[{"href":"https:\/\/involves.com\/pt-br\/wp-json\/wp\/v2\/types\/page"}],"author":[{"embeddable":true,"href":"https:\/\/involves.com\/pt-br\/wp-json\/wp\/v2\/users\/11"}],"replies":[{"embeddable":true,"href":"https:\/\/involves.com\/pt-br\/wp-json\/wp\/v2\/comments?post=12476"}],"version-history":[{"count":4,"href":"https:\/\/involves.com\/pt-br\/wp-json\/wp\/v2\/pages\/12476\/revisions"}],"predecessor-version":[{"id":12672,"href":"https:\/\/involves.com\/pt-br\/wp-json\/wp\/v2\/pages\/12476\/revisions\/12672"}],"wp:attachment":[{"href":"https:\/\/involves.com\/pt-br\/wp-json\/wp\/v2\/media?parent=12476"}],"curies":[{"name":"wp","href":"https:\/\/api.w.org\/{rel}","templated":true}]}}