{"id":9024,"date":"2025-03-11T16:01:33","date_gmt":"2025-03-11T19:01:33","guid":{"rendered":"https:\/\/involves.com\/?page_id=9024"},"modified":"2025-03-13T17:39:19","modified_gmt":"2025-03-13T20:39:19","slug":"concordancia-para-imagen","status":"publish","type":"page","link":"https:\/\/involves.com\/es\/concordancia-para-imagen\/","title":{"rendered":"Termos de imagem"},"content":{"rendered":"\t\t<div data-elementor-type=\"wp-page\" data-elementor-id=\"9024\" class=\"elementor elementor-9024 elementor-9021\" data-elementor-post-type=\"page\">\n\t\t\t\t<div class=\"elementor-element elementor-element-e3bf627 e-flex e-con-boxed e-con e-parent\" data-id=\"e3bf627\" data-element_type=\"container\" data-e-type=\"container\">\n\t\t\t\t\t<div class=\"e-con-inner\">\n\t\t\t\t<div class=\"elementor-element elementor-element-bd752af elementor-widget elementor-widget-heading\" data-id=\"bd752af\" data-element_type=\"widget\" data-e-type=\"widget\" data-widget_type=\"heading.default\">\n\t\t\t\t\t<h2 class=\"elementor-heading-title elementor-size-default\">Concordancia para el uso de imagen, voz y datos personales<\/h2>\t\t\t\t<\/div>\n\t\t\t\t<div class=\"elementor-element elementor-element-2d4f189 elementor-widget elementor-widget-text-editor\" data-id=\"2d4f189\" data-element_type=\"widget\" data-e-type=\"widget\" data-widget_type=\"text-editor.default\">\n\t\t\t\t\t\t\t\t\t<p>\u00daltima actualizaci\u00f3n: 11 de marzo de 2025<\/p>\t\t\t\t\t\t\t\t<\/div>\n\t\t\t\t\t<\/div>\n\t\t\t\t<\/div>\n\t\t\t\t<section class=\"elementor-section elementor-top-section elementor-element elementor-element-e573fe6 elementor-section-boxed elementor-section-height-default elementor-section-height-default\" data-id=\"e573fe6\" data-element_type=\"section\" data-e-type=\"section\" data-settings=\"{&quot;background_background&quot;:&quot;classic&quot;}\">\n\t\t\t\t\t\t<div class=\"elementor-container elementor-column-gap-default\">\n\t\t\t\t\t<div class=\"elementor-column elementor-col-100 elementor-top-column elementor-element elementor-element-c4b6790\" data-id=\"c4b6790\" data-element_type=\"column\" data-e-type=\"column\" data-settings=\"{&quot;background_background&quot;:&quot;classic&quot;}\">\n\t\t\t<div class=\"elementor-widget-wrap elementor-element-populated\">\n\t\t\t\t\t\t<div class=\"elementor-element elementor-element-b831569 elementor-widget elementor-widget-text-editor\" data-id=\"b831569\" data-element_type=\"widget\" data-e-type=\"widget\" data-widget_type=\"text-editor.default\">\n\t\t\t\t\t\t\t\t\t<p><strong>Concordancia para el uso de imagen, voz y datos personales<\/strong><\/p><p><span style=\"font-weight: 400;\">El AUTORIZANTE manifiesta su concordancia expresa y voluntaria para que su imagen, voz y nombre sean utilizados en todo y cualquier material, incluyendo fotograf\u00edas, documentos, medios de comunicaci\u00f3n y servicios que posean como finalidad realizar y promover acciones que trasciendan el uso institucional y puedan generar inversiones y operaciones complejas para la AUTORIZADA, con el objetivo de promover sus servicios, siempre que dichos usos sean destinados a divulgaci\u00f3n al p\u00fablico en general y no se desvirt\u00faen de su finalidad original.<\/span><\/p><p><span style=\"font-weight: 400;\">La AUTORIZADA podr\u00e1 utilizar la imagen y voz del AUTORIZANTE de manera gratuita, sirviendo este contrato como autorizaci\u00f3n para todos los fines legales. Este uso podr\u00e1 realizarse en todo el territorio nacional y en el extranjero, a trav\u00e9s de cualquier forma y medio, incluyendo, pero no limitado a:<\/span><\/p><ul><li style=\"font-weight: 400;\" aria-level=\"2\"><span style=\"font-weight: 400;\">(I) Publicidad exterior (outdoor);<\/span><\/li><li style=\"font-weight: 400;\" aria-level=\"2\"><span style=\"font-weight: 400;\">(II) Folletos y materiales impresos (encartes, cat\u00e1logos, etc.);<\/span><\/li><li style=\"font-weight: 400;\" aria-level=\"2\"><span style=\"font-weight: 400;\">(III) Anuncios en revistas y peri\u00f3dicos;<\/span><\/li><li style=\"font-weight: 400;\" aria-level=\"2\"><span style=\"font-weight: 400;\">(IV) Sitios web y landing pages;<\/span><\/li><li style=\"font-weight: 400;\" aria-level=\"2\"><span style=\"font-weight: 400;\">(V) Carteles y backlights;<\/span><\/li><li style=\"font-weight: 400;\" aria-level=\"2\"><span style=\"font-weight: 400;\">(VI) Medios electr\u00f3nicos (redes sociales, videos, televisi\u00f3n, cine, radio, etc.), por un plazo indefinido.<\/span><\/li><\/ul><p><span style=\"font-weight: 400;\">Ejemplos de acciones espec\u00edficas para el uso autorizado incluyen, pero no se limitan a:<\/span><\/p><ul><li style=\"font-weight: 400;\" aria-level=\"2\"><span style=\"font-weight: 400;\">(I) Campa\u00f1as publicitarias;<\/span><\/li><li style=\"font-weight: 400;\" aria-level=\"2\"><span style=\"font-weight: 400;\">(II) Podcasts;<\/span><\/li><li style=\"font-weight: 400;\" aria-level=\"2\"><span style=\"font-weight: 400;\">(III) Materiales de entrenamiento;<\/span><\/li><li style=\"font-weight: 400;\" aria-level=\"2\"><span style=\"font-weight: 400;\">(IV) Cursos y videos explicativos;<\/span><\/li><li style=\"font-weight: 400;\" aria-level=\"2\"><span style=\"font-weight: 400;\">(V) Testimonios;<\/span><\/li><li style=\"font-weight: 400;\" aria-level=\"2\"><span style=\"font-weight: 400;\">(VI) Otras actividades que promuevan expl\u00edcitamente los servicios de la AUTORIZADA.<\/span><\/li><\/ul>\t\t\t\t\t\t\t\t<\/div>\n\t\t\t\t\t<\/div>\n\t\t<\/div>\n\t\t\t\t\t<\/div>\n\t\t<\/section>\n\t\t\t\t<\/div>\n\t\t","protected":false},"excerpt":{"rendered":"<p>Concordancia para el uso de imagen, voz y datos personales \u00daltima actualizaci\u00f3n: 11 de marzo de 2025 Concordancia para el uso de imagen, voz y datos personales El AUTORIZANTE manifiesta su concordancia expresa y voluntaria para que su imagen, voz y nombre sean utilizados en todo y cualquier material, incluyendo fotograf\u00edas, documentos, medios de comunicaci\u00f3n [&hellip;]<\/p>\n","protected":false},"author":2,"featured_media":0,"parent":0,"menu_order":0,"comment_status":"closed","ping_status":"closed","template":"elementor_header_footer","meta":{"_acf_changed":false,"content-type":"","footnotes":""},"class_list":["post-9024","page","type-page","status-publish","hentry"],"acf":[],"yoast_head":"<!-- This site is optimized with the Yoast SEO plugin v27.3 - https:\/\/yoast.com\/product\/yoast-seo-wordpress\/ -->\n<title>Involves | Concordancia para el uso de imagen<\/title>\n<meta name=\"description\" content=\"Consulte a Pol\u00edtica de Privacidade da Involves para entender como tratamos seus dados pessoais.\" \/>\n<meta name=\"robots\" content=\"index, follow, max-snippet:-1, max-image-preview:large, max-video-preview:-1\" \/>\n<link rel=\"canonical\" href=\"https:\/\/involves.com\/es\/concordancia-para-imagen\/\" \/>\n<meta property=\"og:locale\" content=\"es_ES\" \/>\n<meta property=\"og:type\" content=\"article\" \/>\n<meta property=\"og:title\" content=\"Involves | Concordancia para el uso de imagen\" \/>\n<meta property=\"og:description\" content=\"Consulte a Pol\u00edtica de Privacidade da Involves para entender como tratamos seus dados pessoais.\" \/>\n<meta property=\"og:url\" content=\"https:\/\/involves.com\/es\/concordancia-para-imagen\/\" \/>\n<meta property=\"og:site_name\" content=\"Involves\" \/>\n<meta property=\"article:modified_time\" content=\"2025-03-13T20:39:19+00:00\" \/>\n<meta property=\"og:image\" content=\"http:\/\/involves.com\/wp-content\/uploads\/2024\/09\/Involves-Politica-de-Privacidade-PT-628x314.png\" \/>\n<meta name=\"twitter:card\" content=\"summary_large_image\" \/>\n<meta name=\"twitter:label1\" content=\"Tiempo de lectura\" \/>\n\t<meta name=\"twitter:data1\" content=\"2 minutos\" \/>\n<script type=\"application\/ld+json\" class=\"yoast-schema-graph\">{\"@context\":\"https:\\\/\\\/schema.org\",\"@graph\":[{\"@type\":\"WebPage\",\"@id\":\"https:\\\/\\\/involves.com\\\/es\\\/concordancia-para-imagen\\\/\",\"url\":\"https:\\\/\\\/involves.com\\\/es\\\/concordancia-para-imagen\\\/\",\"name\":\"Involves | Concordancia para el uso de imagen\",\"isPartOf\":{\"@id\":\"https:\\\/\\\/involves.com\\\/es\\\/#website\"},\"datePublished\":\"2025-03-11T19:01:33+00:00\",\"dateModified\":\"2025-03-13T20:39:19+00:00\",\"description\":\"Consulte a Pol\u00edtica de Privacidade da Involves para entender como tratamos seus dados pessoais.\",\"breadcrumb\":{\"@id\":\"https:\\\/\\\/involves.com\\\/es\\\/concordancia-para-imagen\\\/#breadcrumb\"},\"inLanguage\":\"es\",\"potentialAction\":[{\"@type\":\"ReadAction\",\"target\":[\"https:\\\/\\\/involves.com\\\/es\\\/concordancia-para-imagen\\\/\"]}]},{\"@type\":\"BreadcrumbList\",\"@id\":\"https:\\\/\\\/involves.com\\\/es\\\/concordancia-para-imagen\\\/#breadcrumb\",\"itemListElement\":[{\"@type\":\"ListItem\",\"position\":1,\"name\":\"In\u00edcio\",\"item\":\"https:\\\/\\\/involves.com\\\/es\\\/\"},{\"@type\":\"ListItem\",\"position\":2,\"name\":\"Termos de imagem\"}]},{\"@type\":\"WebSite\",\"@id\":\"https:\\\/\\\/involves.com\\\/es\\\/#website\",\"url\":\"https:\\\/\\\/involves.com\\\/es\\\/\",\"name\":\"Involves\",\"description\":\"Involves: com nosso software de Trade voc\u00ea acerta o tom da execu\u00e7\u00e3o, aumenta a batida do sell-out e afina a produtividade da sua equipe\",\"publisher\":{\"@id\":\"https:\\\/\\\/involves.com\\\/es\\\/#organization\"},\"potentialAction\":[{\"@type\":\"SearchAction\",\"target\":{\"@type\":\"EntryPoint\",\"urlTemplate\":\"https:\\\/\\\/involves.com\\\/es\\\/?s={search_term_string}\"},\"query-input\":{\"@type\":\"PropertyValueSpecification\",\"valueRequired\":true,\"valueName\":\"search_term_string\"}}],\"inLanguage\":\"es\"},{\"@type\":\"Organization\",\"@id\":\"https:\\\/\\\/involves.com\\\/es\\\/#organization\",\"name\":\"Involves\",\"url\":\"https:\\\/\\\/involves.com\\\/es\\\/\",\"logo\":{\"@type\":\"ImageObject\",\"inLanguage\":\"es\",\"@id\":\"https:\\\/\\\/involves.com\\\/es\\\/#\\\/schema\\\/logo\\\/image\\\/\",\"url\":\"https:\\\/\\\/involves.com\\\/wp-content\\\/uploads\\\/2024\\\/12\\\/involves-logo-preto.webp\",\"contentUrl\":\"https:\\\/\\\/involves.com\\\/wp-content\\\/uploads\\\/2024\\\/12\\\/involves-logo-preto.webp\",\"width\":532,\"height\":112,\"caption\":\"Involves\"},\"image\":{\"@id\":\"https:\\\/\\\/involves.com\\\/es\\\/#\\\/schema\\\/logo\\\/image\\\/\"}}]}<\/script>\n<!-- \/ Yoast SEO plugin. -->","yoast_head_json":{"title":"Involves | Concordancia para el uso de imagen","description":"Consulte a Pol\u00edtica de Privacidade da Involves para entender como tratamos seus dados pessoais.","robots":{"index":"index","follow":"follow","max-snippet":"max-snippet:-1","max-image-preview":"max-image-preview:large","max-video-preview":"max-video-preview:-1"},"canonical":"https:\/\/involves.com\/es\/concordancia-para-imagen\/","og_locale":"es_ES","og_type":"article","og_title":"Involves | Concordancia para el uso de imagen","og_description":"Consulte a Pol\u00edtica de Privacidade da Involves para entender como tratamos seus dados pessoais.","og_url":"https:\/\/involves.com\/es\/concordancia-para-imagen\/","og_site_name":"Involves","article_modified_time":"2025-03-13T20:39:19+00:00","og_image":[{"url":"http:\/\/involves.com\/wp-content\/uploads\/2024\/09\/Involves-Politica-de-Privacidade-PT-628x314.png","type":"","width":"","height":""}],"twitter_card":"summary_large_image","twitter_misc":{"Tiempo de lectura":"2 minutos"},"schema":{"@context":"https:\/\/schema.org","@graph":[{"@type":"WebPage","@id":"https:\/\/involves.com\/es\/concordancia-para-imagen\/","url":"https:\/\/involves.com\/es\/concordancia-para-imagen\/","name":"Involves | Concordancia para el uso de imagen","isPartOf":{"@id":"https:\/\/involves.com\/es\/#website"},"datePublished":"2025-03-11T19:01:33+00:00","dateModified":"2025-03-13T20:39:19+00:00","description":"Consulte a Pol\u00edtica de Privacidade da Involves para entender como tratamos seus dados pessoais.","breadcrumb":{"@id":"https:\/\/involves.com\/es\/concordancia-para-imagen\/#breadcrumb"},"inLanguage":"es","potentialAction":[{"@type":"ReadAction","target":["https:\/\/involves.com\/es\/concordancia-para-imagen\/"]}]},{"@type":"BreadcrumbList","@id":"https:\/\/involves.com\/es\/concordancia-para-imagen\/#breadcrumb","itemListElement":[{"@type":"ListItem","position":1,"name":"In\u00edcio","item":"https:\/\/involves.com\/es\/"},{"@type":"ListItem","position":2,"name":"Termos de imagem"}]},{"@type":"WebSite","@id":"https:\/\/involves.com\/es\/#website","url":"https:\/\/involves.com\/es\/","name":"Involves","description":"Involves: com nosso software de Trade voc\u00ea acerta o tom da execu\u00e7\u00e3o, aumenta a batida do sell-out e afina a produtividade da sua equipe","publisher":{"@id":"https:\/\/involves.com\/es\/#organization"},"potentialAction":[{"@type":"SearchAction","target":{"@type":"EntryPoint","urlTemplate":"https:\/\/involves.com\/es\/?s={search_term_string}"},"query-input":{"@type":"PropertyValueSpecification","valueRequired":true,"valueName":"search_term_string"}}],"inLanguage":"es"},{"@type":"Organization","@id":"https:\/\/involves.com\/es\/#organization","name":"Involves","url":"https:\/\/involves.com\/es\/","logo":{"@type":"ImageObject","inLanguage":"es","@id":"https:\/\/involves.com\/es\/#\/schema\/logo\/image\/","url":"https:\/\/involves.com\/wp-content\/uploads\/2024\/12\/involves-logo-preto.webp","contentUrl":"https:\/\/involves.com\/wp-content\/uploads\/2024\/12\/involves-logo-preto.webp","width":532,"height":112,"caption":"Involves"},"image":{"@id":"https:\/\/involves.com\/es\/#\/schema\/logo\/image\/"}}]}},"_links":{"self":[{"href":"https:\/\/involves.com\/es\/wp-json\/wp\/v2\/pages\/9024","targetHints":{"allow":["GET"]}}],"collection":[{"href":"https:\/\/involves.com\/es\/wp-json\/wp\/v2\/pages"}],"about":[{"href":"https:\/\/involves.com\/es\/wp-json\/wp\/v2\/types\/page"}],"author":[{"embeddable":true,"href":"https:\/\/involves.com\/es\/wp-json\/wp\/v2\/users\/2"}],"replies":[{"embeddable":true,"href":"https:\/\/involves.com\/es\/wp-json\/wp\/v2\/comments?post=9024"}],"version-history":[{"count":25,"href":"https:\/\/involves.com\/es\/wp-json\/wp\/v2\/pages\/9024\/revisions"}],"predecessor-version":[{"id":9086,"href":"https:\/\/involves.com\/es\/wp-json\/wp\/v2\/pages\/9024\/revisions\/9086"}],"wp:attachment":[{"href":"https:\/\/involves.com\/es\/wp-json\/wp\/v2\/media?parent=9024"}],"curies":[{"name":"wp","href":"https:\/\/api.w.org\/{rel}","templated":true}]}}