{"id":9023,"date":"2025-03-11T16:01:33","date_gmt":"2025-03-11T19:01:33","guid":{"rendered":"https:\/\/involves.com\/?page_id=9023"},"modified":"2025-03-13T17:38:54","modified_gmt":"2025-03-13T20:38:54","slug":"agreement-for-image","status":"publish","type":"page","link":"https:\/\/involves.com\/en\/agreement-for-image\/","title":{"rendered":"Termos de imagem"},"content":{"rendered":"\t\t<div data-elementor-type=\"wp-page\" data-elementor-id=\"9023\" class=\"elementor elementor-9023 elementor-9021\" data-elementor-post-type=\"page\">\n\t\t\t\t<div class=\"elementor-element elementor-element-e3bf627 e-flex e-con-boxed e-con e-parent\" data-id=\"e3bf627\" data-element_type=\"container\" data-e-type=\"container\">\n\t\t\t\t\t<div class=\"e-con-inner\">\n\t\t\t\t<div class=\"elementor-element elementor-element-bd752af elementor-widget elementor-widget-heading\" data-id=\"bd752af\" data-element_type=\"widget\" data-e-type=\"widget\" data-widget_type=\"heading.default\">\n\t\t\t\t\t<h2 class=\"elementor-heading-title elementor-size-default\">Agreement for the Use of Image, Voice, and Personal Data<\/h2>\t\t\t\t<\/div>\n\t\t\t\t<div class=\"elementor-element elementor-element-2d4f189 elementor-widget elementor-widget-text-editor\" data-id=\"2d4f189\" data-element_type=\"widget\" data-e-type=\"widget\" data-widget_type=\"text-editor.default\">\n\t\t\t\t\t\t\t\t\t<p>Last update: March 11, 2025<\/p>\t\t\t\t\t\t\t\t<\/div>\n\t\t\t\t\t<\/div>\n\t\t\t\t<\/div>\n\t\t\t\t<section class=\"elementor-section elementor-top-section elementor-element elementor-element-e573fe6 elementor-section-boxed elementor-section-height-default elementor-section-height-default\" data-id=\"e573fe6\" data-element_type=\"section\" data-e-type=\"section\" data-settings=\"{&quot;background_background&quot;:&quot;classic&quot;}\">\n\t\t\t\t\t\t<div class=\"elementor-container elementor-column-gap-default\">\n\t\t\t\t\t<div class=\"elementor-column elementor-col-100 elementor-top-column elementor-element elementor-element-c4b6790\" data-id=\"c4b6790\" data-element_type=\"column\" data-e-type=\"column\" data-settings=\"{&quot;background_background&quot;:&quot;classic&quot;}\">\n\t\t\t<div class=\"elementor-widget-wrap elementor-element-populated\">\n\t\t\t\t\t\t<div class=\"elementor-element elementor-element-b831569 elementor-widget elementor-widget-text-editor\" data-id=\"b831569\" data-element_type=\"widget\" data-e-type=\"widget\" data-widget_type=\"text-editor.default\">\n\t\t\t\t\t\t\t\t\t<p><strong>Agreement for the Use of Image, Voice, and Personal Data<\/strong><\/p><p><span style=\"font-weight: 400;\">The AUTHORIZER expressly and voluntarily agrees that their image, voice, and name may be used in any and all materials, including photographs, documents, media, and services intended to carry out and promote activities that go beyond institutional use and may generate investments and complex operations for the AUTHORIZED PARTY, with the purpose of promoting its services, provided that such uses are directed towards public disclosure and do not deviate from their original purpose.<\/span><\/p><p><span style=\"font-weight: 400;\">The AUTHORIZED PARTY may use the image and voice of the AUTHORIZER free of charge, with this agreement serving as authorization for all legal purposes. This usage may occur throughout the national territory and abroad, through any form and medium, including but not limited to:<\/span><\/p><p><span style=\"font-weight: 400;\">(I) Outdoor advertising;<\/span><\/p><p><span style=\"font-weight: 400;\">(II) Printed brochures and materials (flyers, catalogs, etc.);<\/span><\/p><p><span style=\"font-weight: 400;\">(III) Newspaper and magazine advertisements;<\/span><\/p><p><span style=\"font-weight: 400;\">(IV) Websites and landing pages;<\/span><\/p><p><span style=\"font-weight: 400;\">(V) Posters and backlights;<\/span><\/p><p><span style=\"font-weight: 400;\">(VI) Electronic media (social networks, videos, television, cinema, radio, etc.), for an indefinite period.<\/span><\/p><p><span style=\"font-weight: 400;\">Specific examples of authorized uses include, but are not limited to:<\/span><\/p><p><span style=\"font-weight: 400;\">(I) Advertising campaigns;<\/span><\/p><p><span style=\"font-weight: 400;\">(II) Podcasts;<\/span><\/p><p><span style=\"font-weight: 400;\">(III) Training materials;<\/span><\/p><p><span style=\"font-weight: 400;\">(IV) Courses and explanatory videos;<\/span><\/p><p><span style=\"font-weight: 400;\">(V) Testimonials;<\/span><\/p><p><span style=\"font-weight: 400;\">(VI) Other activities that explicitly promote the services of the AUTHORIZED PARTY.<\/span><\/p>\t\t\t\t\t\t\t\t<\/div>\n\t\t\t\t\t<\/div>\n\t\t<\/div>\n\t\t\t\t\t<\/div>\n\t\t<\/section>\n\t\t\t\t<\/div>\n\t\t","protected":false},"excerpt":{"rendered":"<p>Agreement for the Use of Image, Voice, and Personal Data Last update: March 11, 2025 Agreement for the Use of Image, Voice, and Personal Data The AUTHORIZER expressly and voluntarily agrees that their image, voice, and name may be used in any and all materials, including photographs, documents, media, and services intended to carry out [&hellip;]<\/p>\n","protected":false},"author":2,"featured_media":0,"parent":0,"menu_order":0,"comment_status":"closed","ping_status":"closed","template":"elementor_header_footer","meta":{"_acf_changed":false,"content-type":"","footnotes":""},"class_list":["post-9023","page","type-page","status-publish","hentry"],"acf":[],"yoast_head":"<!-- This site is optimized with the Yoast SEO plugin v27.3 - https:\/\/yoast.com\/product\/yoast-seo-wordpress\/ -->\n<title>Involves | Agreement for the Use of Image<\/title>\n<meta name=\"description\" content=\"Consulte a Pol\u00edtica de Privacidade da Involves para entender como tratamos seus dados pessoais.\" \/>\n<meta name=\"robots\" content=\"index, follow, max-snippet:-1, max-image-preview:large, max-video-preview:-1\" \/>\n<link rel=\"canonical\" href=\"https:\/\/involves.com\/en\/agreement-for-image\/\" \/>\n<meta property=\"og:locale\" content=\"en_US\" \/>\n<meta property=\"og:type\" content=\"article\" \/>\n<meta property=\"og:title\" content=\"Involves | Agreement for the Use of Image\" \/>\n<meta property=\"og:description\" content=\"Consulte a Pol\u00edtica de Privacidade da Involves para entender como tratamos seus dados pessoais.\" \/>\n<meta property=\"og:url\" content=\"https:\/\/involves.com\/en\/agreement-for-image\/\" \/>\n<meta property=\"og:site_name\" content=\"Involves\" \/>\n<meta property=\"article:modified_time\" content=\"2025-03-13T20:38:54+00:00\" \/>\n<meta property=\"og:image\" content=\"https:\/\/involves.com\/wp-content\/uploads\/2024\/09\/Involves-Politica-de-Privacidade-PT.png\" \/>\n\t<meta property=\"og:image:width\" content=\"1200\" \/>\n\t<meta property=\"og:image:height\" content=\"600\" \/>\n\t<meta property=\"og:image:type\" content=\"image\/png\" \/>\n<meta name=\"twitter:card\" content=\"summary_large_image\" \/>\n<meta name=\"twitter:label1\" content=\"Est. reading time\" \/>\n\t<meta name=\"twitter:data1\" content=\"1 minute\" \/>\n<script type=\"application\/ld+json\" class=\"yoast-schema-graph\">{\"@context\":\"https:\\\/\\\/schema.org\",\"@graph\":[{\"@type\":\"WebPage\",\"@id\":\"https:\\\/\\\/involves.com\\\/en\\\/agreement-for-image\\\/\",\"url\":\"https:\\\/\\\/involves.com\\\/en\\\/agreement-for-image\\\/\",\"name\":\"Involves | Agreement for the Use of Image\",\"isPartOf\":{\"@id\":\"https:\\\/\\\/involves.com\\\/en\\\/#website\"},\"datePublished\":\"2025-03-11T19:01:33+00:00\",\"dateModified\":\"2025-03-13T20:38:54+00:00\",\"description\":\"Consulte a Pol\u00edtica de Privacidade da Involves para entender como tratamos seus dados pessoais.\",\"breadcrumb\":{\"@id\":\"https:\\\/\\\/involves.com\\\/en\\\/agreement-for-image\\\/#breadcrumb\"},\"inLanguage\":\"en-US\",\"potentialAction\":[{\"@type\":\"ReadAction\",\"target\":[\"https:\\\/\\\/involves.com\\\/en\\\/agreement-for-image\\\/\"]}]},{\"@type\":\"BreadcrumbList\",\"@id\":\"https:\\\/\\\/involves.com\\\/en\\\/agreement-for-image\\\/#breadcrumb\",\"itemListElement\":[{\"@type\":\"ListItem\",\"position\":1,\"name\":\"In\u00edcio\",\"item\":\"https:\\\/\\\/involves.com\\\/en\\\/\"},{\"@type\":\"ListItem\",\"position\":2,\"name\":\"Termos de imagem\"}]},{\"@type\":\"WebSite\",\"@id\":\"https:\\\/\\\/involves.com\\\/en\\\/#website\",\"url\":\"https:\\\/\\\/involves.com\\\/en\\\/\",\"name\":\"Involves\",\"description\":\"Involves: com nosso software de Trade voc\u00ea acerta o tom da execu\u00e7\u00e3o, aumenta a batida do sell-out e afina a produtividade da sua equipe\",\"publisher\":{\"@id\":\"https:\\\/\\\/involves.com\\\/en\\\/#organization\"},\"potentialAction\":[{\"@type\":\"SearchAction\",\"target\":{\"@type\":\"EntryPoint\",\"urlTemplate\":\"https:\\\/\\\/involves.com\\\/en\\\/?s={search_term_string}\"},\"query-input\":{\"@type\":\"PropertyValueSpecification\",\"valueRequired\":true,\"valueName\":\"search_term_string\"}}],\"inLanguage\":\"en-US\"},{\"@type\":\"Organization\",\"@id\":\"https:\\\/\\\/involves.com\\\/en\\\/#organization\",\"name\":\"Involves\",\"url\":\"https:\\\/\\\/involves.com\\\/en\\\/\",\"logo\":{\"@type\":\"ImageObject\",\"inLanguage\":\"en-US\",\"@id\":\"https:\\\/\\\/involves.com\\\/en\\\/#\\\/schema\\\/logo\\\/image\\\/\",\"url\":\"https:\\\/\\\/involves.com\\\/wp-content\\\/uploads\\\/2024\\\/12\\\/involves-logo-preto.webp\",\"contentUrl\":\"https:\\\/\\\/involves.com\\\/wp-content\\\/uploads\\\/2024\\\/12\\\/involves-logo-preto.webp\",\"width\":532,\"height\":112,\"caption\":\"Involves\"},\"image\":{\"@id\":\"https:\\\/\\\/involves.com\\\/en\\\/#\\\/schema\\\/logo\\\/image\\\/\"}}]}<\/script>\n<!-- \/ Yoast SEO plugin. -->","yoast_head_json":{"title":"Involves | Agreement for the Use of Image","description":"Consulte a Pol\u00edtica de Privacidade da Involves para entender como tratamos seus dados pessoais.","robots":{"index":"index","follow":"follow","max-snippet":"max-snippet:-1","max-image-preview":"max-image-preview:large","max-video-preview":"max-video-preview:-1"},"canonical":"https:\/\/involves.com\/en\/agreement-for-image\/","og_locale":"en_US","og_type":"article","og_title":"Involves | Agreement for the Use of Image","og_description":"Consulte a Pol\u00edtica de Privacidade da Involves para entender como tratamos seus dados pessoais.","og_url":"https:\/\/involves.com\/en\/agreement-for-image\/","og_site_name":"Involves","article_modified_time":"2025-03-13T20:38:54+00:00","og_image":[{"width":1200,"height":600,"url":"https:\/\/involves.com\/wp-content\/uploads\/2024\/09\/Involves-Politica-de-Privacidade-PT.png","type":"image\/png"}],"twitter_card":"summary_large_image","twitter_misc":{"Est. reading time":"1 minute"},"schema":{"@context":"https:\/\/schema.org","@graph":[{"@type":"WebPage","@id":"https:\/\/involves.com\/en\/agreement-for-image\/","url":"https:\/\/involves.com\/en\/agreement-for-image\/","name":"Involves | Agreement for the Use of Image","isPartOf":{"@id":"https:\/\/involves.com\/en\/#website"},"datePublished":"2025-03-11T19:01:33+00:00","dateModified":"2025-03-13T20:38:54+00:00","description":"Consulte a Pol\u00edtica de Privacidade da Involves para entender como tratamos seus dados pessoais.","breadcrumb":{"@id":"https:\/\/involves.com\/en\/agreement-for-image\/#breadcrumb"},"inLanguage":"en-US","potentialAction":[{"@type":"ReadAction","target":["https:\/\/involves.com\/en\/agreement-for-image\/"]}]},{"@type":"BreadcrumbList","@id":"https:\/\/involves.com\/en\/agreement-for-image\/#breadcrumb","itemListElement":[{"@type":"ListItem","position":1,"name":"In\u00edcio","item":"https:\/\/involves.com\/en\/"},{"@type":"ListItem","position":2,"name":"Termos de imagem"}]},{"@type":"WebSite","@id":"https:\/\/involves.com\/en\/#website","url":"https:\/\/involves.com\/en\/","name":"Involves","description":"Involves: com nosso software de Trade voc\u00ea acerta o tom da execu\u00e7\u00e3o, aumenta a batida do sell-out e afina a produtividade da sua equipe","publisher":{"@id":"https:\/\/involves.com\/en\/#organization"},"potentialAction":[{"@type":"SearchAction","target":{"@type":"EntryPoint","urlTemplate":"https:\/\/involves.com\/en\/?s={search_term_string}"},"query-input":{"@type":"PropertyValueSpecification","valueRequired":true,"valueName":"search_term_string"}}],"inLanguage":"en-US"},{"@type":"Organization","@id":"https:\/\/involves.com\/en\/#organization","name":"Involves","url":"https:\/\/involves.com\/en\/","logo":{"@type":"ImageObject","inLanguage":"en-US","@id":"https:\/\/involves.com\/en\/#\/schema\/logo\/image\/","url":"https:\/\/involves.com\/wp-content\/uploads\/2024\/12\/involves-logo-preto.webp","contentUrl":"https:\/\/involves.com\/wp-content\/uploads\/2024\/12\/involves-logo-preto.webp","width":532,"height":112,"caption":"Involves"},"image":{"@id":"https:\/\/involves.com\/en\/#\/schema\/logo\/image\/"}}]}},"_links":{"self":[{"href":"https:\/\/involves.com\/en\/wp-json\/wp\/v2\/pages\/9023","targetHints":{"allow":["GET"]}}],"collection":[{"href":"https:\/\/involves.com\/en\/wp-json\/wp\/v2\/pages"}],"about":[{"href":"https:\/\/involves.com\/en\/wp-json\/wp\/v2\/types\/page"}],"author":[{"embeddable":true,"href":"https:\/\/involves.com\/en\/wp-json\/wp\/v2\/users\/2"}],"replies":[{"embeddable":true,"href":"https:\/\/involves.com\/en\/wp-json\/wp\/v2\/comments?post=9023"}],"version-history":[{"count":22,"href":"https:\/\/involves.com\/en\/wp-json\/wp\/v2\/pages\/9023\/revisions"}],"predecessor-version":[{"id":9083,"href":"https:\/\/involves.com\/en\/wp-json\/wp\/v2\/pages\/9023\/revisions\/9083"}],"wp:attachment":[{"href":"https:\/\/involves.com\/en\/wp-json\/wp\/v2\/media?parent=9023"}],"curies":[{"name":"wp","href":"https:\/\/api.w.org\/{rel}","templated":true}]}}